{"id":16942,"date":"2015-03-09T16:34:54","date_gmt":"2015-03-09T15:34:54","guid":{"rendered":"https:\/\/www.worktex.be\/werkkledij-2\/"},"modified":"2022-05-27T00:53:23","modified_gmt":"2022-05-26T22:53:23","slug":"vetements-de-travail","status":"publish","type":"page","link":"https:\/\/www.worktex.be\/fr\/offre\/vetements-de-travail\/","title":{"rendered":"V\u00eatements de travail"},"content":{"rendered":"\n\t\t\t\t\t<div class=\"linkview\" id=\"lvw-sc-id-1\">\n\t\t\t\t\t<div class=\"lvw-category\">\n\t\t\t\t\t<div id=\"lvw-id-1-1\">\n\t\t\t\t\t<ul class=\"lvw-link-list\" style=\"list-style-type:none;\">\n\t\t\t\t\t\t<li class=\"lvw-list-item\">\n\t\t\t<div class=\"lvw-link vetements-de-travail\"><div class=\"lvw-section-left\"><div class=\"lvw-item-image\"><a class=\"lvw-anchor\" href=\"http:\/\/www.snickersworkwear.be\" target=\"_blank\" title=\"Snickers Workwear\" rel=\"noopener \"><img src=\"https:\/\/www.worktex.be\/wp-content\/uploads\/2015\/03\/snickers.jpg\" alt=\"Snickers Workwear\" \/><\/a><\/div><\/div><div class=\"lvw-section-right\"><div class=\"lvw-item-name\">Snickers Workwear<\/div><div class=\"lvw-item-notes\">Snickers fabrique et vend des v\u00eatements de travail pour professionnels dans les secteurs manuels et les secteurs de services. Nos produits sont connus pour leur qualit\u00e9, leur fonctionnalit\u00e9 et leurs solutions innovantes. Nous aspirons de cr\u00e9er des v\u00eatements durables avec un design intemporel et fonctionnel. Tous nos v\u00eatements ont \u00e9t\u00e9 cr\u00e9\u00e9s avec passion pour r\u00e9pondre aux besoins et aux exigences des professionnels sur leur lieu de travail. <\/div><div class=\"lvw-item-address\"><a class=\"lvw-anchor\" href=\"http:\/\/www.snickersworkwear.be\" target=\"_blank\" title=\"Snickers Workwear\" rel=\"noopener \">http:\/\/www.snickersworkwear.be<\/a><\/div><\/div><\/div><\/li>\n\t\t\t\t\t<\/ul>\n\t\t\t\t\t<\/div>\n\t\t\t\t\t<\/div>\n\t\t\t\t<\/div>\n","protected":false},"excerpt":{"rendered":"Snickers WorkwearSnickers fabrique et vend des v\u00eatements de travail pour professionnels dans les secteurs manuels et les secteurs de services. Nos produits sont connus pour...","protected":false},"author":3,"featured_media":0,"parent":16986,"menu_order":0,"comment_status":"open","ping_status":"closed","template":"","meta":{"_expiration-date-status":"saved","_expiration-date":0,"_expiration-date-type":"","_expiration-date-categories":[],"_expiration-date-options":[]},"yoast_head":"<!-- This site is optimized with the Yoast SEO plugin v20.9 - https:\/\/yoast.com\/wordpress\/plugins\/seo\/ -->\n<title>V\u00eatements de travail - WorkTex<\/title>\n<meta name=\"robots\" content=\"index, follow, max-snippet:-1, max-image-preview:large, max-video-preview:-1\" \/>\n<link rel=\"canonical\" href=\"https:\/\/www.worktex.be\/fr\/offre\/vetements-de-travail\/\" \/>\n<meta property=\"og:locale\" content=\"fr_FR\" \/>\n<meta property=\"og:type\" content=\"article\" \/>\n<meta property=\"og:title\" content=\"V\u00eatements de travail - WorkTex\" \/>\n<meta property=\"og:url\" content=\"https:\/\/www.worktex.be\/fr\/offre\/vetements-de-travail\/\" \/>\n<meta property=\"og:site_name\" content=\"WorkTex\" \/>\n<meta property=\"article:modified_time\" content=\"2022-05-26T22:53:23+00:00\" \/>\n<meta name=\"twitter:card\" content=\"summary_large_image\" \/>\n<meta name=\"twitter:label1\" content=\"Dur\u00e9e de lecture estim\u00e9e\" \/>\n\t<meta name=\"twitter:data1\" content=\"1 minute\" \/>\n<script type=\"application\/ld+json\" class=\"yoast-schema-graph\">{\"@context\":\"https:\/\/schema.org\",\"@graph\":[{\"@type\":\"WebPage\",\"@id\":\"https:\/\/www.worktex.be\/fr\/offre\/vetements-de-travail\/\",\"url\":\"https:\/\/www.worktex.be\/fr\/offre\/vetements-de-travail\/\",\"name\":\"V\u00eatements de travail - WorkTex\",\"isPartOf\":{\"@id\":\"https:\/\/www.worktex.be\/fr\/#website\"},\"datePublished\":\"2015-03-09T15:34:54+00:00\",\"dateModified\":\"2022-05-26T22:53:23+00:00\",\"breadcrumb\":{\"@id\":\"https:\/\/www.worktex.be\/fr\/offre\/vetements-de-travail\/#breadcrumb\"},\"inLanguage\":\"fr-FR\",\"potentialAction\":[{\"@type\":\"ReadAction\",\"target\":[\"https:\/\/www.worktex.be\/fr\/offre\/vetements-de-travail\/\"]}]},{\"@type\":\"BreadcrumbList\",\"@id\":\"https:\/\/www.worktex.be\/fr\/offre\/vetements-de-travail\/#breadcrumb\",\"itemListElement\":[{\"@type\":\"ListItem\",\"position\":1,\"name\":\"Home\",\"item\":\"https:\/\/www.worktex.be\/fr\/\"},{\"@type\":\"ListItem\",\"position\":2,\"name\":\"Offre\",\"item\":\"https:\/\/www.worktex.be\/fr\/offre\/\"},{\"@type\":\"ListItem\",\"position\":3,\"name\":\"V\u00eatements de travail\"}]},{\"@type\":\"WebSite\",\"@id\":\"https:\/\/www.worktex.be\/fr\/#website\",\"url\":\"https:\/\/www.worktex.be\/fr\/\",\"name\":\"WorkTex\",\"description\":\"Worktex in Hoeilaart biedt werk- en vrijetijdskledij en veiligheidsschoenen aan voor iedereen die het beste wil op gebied van bescherming en functionaliteit op het werk. Bovendien kan elke stuk gepersonaliseerd worden!\",\"publisher\":{\"@id\":\"https:\/\/www.worktex.be\/fr\/#organization\"},\"potentialAction\":[{\"@type\":\"SearchAction\",\"target\":{\"@type\":\"EntryPoint\",\"urlTemplate\":\"https:\/\/www.worktex.be\/fr\/?s={search_term_string}\"},\"query-input\":\"required name=search_term_string\"}],\"inLanguage\":\"fr-FR\"},{\"@type\":\"Organization\",\"@id\":\"https:\/\/www.worktex.be\/fr\/#organization\",\"name\":\"WorkTex\",\"url\":\"https:\/\/www.worktex.be\/fr\/\",\"logo\":{\"@type\":\"ImageObject\",\"inLanguage\":\"fr-FR\",\"@id\":\"https:\/\/www.worktex.be\/fr\/#\/schema\/logo\/image\/\",\"url\":\"https:\/\/www.worktex.be\/wp-content\/uploads\/2015\/03\/worktex-logo.png\",\"contentUrl\":\"https:\/\/www.worktex.be\/wp-content\/uploads\/2015\/03\/worktex-logo.png\",\"width\":271,\"height\":103,\"caption\":\"WorkTex\"},\"image\":{\"@id\":\"https:\/\/www.worktex.be\/fr\/#\/schema\/logo\/image\/\"}}]}<\/script>\n<!-- \/ Yoast SEO plugin. -->","yoast_head_json":{"title":"V\u00eatements de travail - WorkTex","robots":{"index":"index","follow":"follow","max-snippet":"max-snippet:-1","max-image-preview":"max-image-preview:large","max-video-preview":"max-video-preview:-1"},"canonical":"https:\/\/www.worktex.be\/fr\/offre\/vetements-de-travail\/","og_locale":"fr_FR","og_type":"article","og_title":"V\u00eatements de travail - WorkTex","og_url":"https:\/\/www.worktex.be\/fr\/offre\/vetements-de-travail\/","og_site_name":"WorkTex","article_modified_time":"2022-05-26T22:53:23+00:00","twitter_card":"summary_large_image","twitter_misc":{"Dur\u00e9e de lecture estim\u00e9e":"1 minute"},"schema":{"@context":"https:\/\/schema.org","@graph":[{"@type":"WebPage","@id":"https:\/\/www.worktex.be\/fr\/offre\/vetements-de-travail\/","url":"https:\/\/www.worktex.be\/fr\/offre\/vetements-de-travail\/","name":"V\u00eatements de travail - WorkTex","isPartOf":{"@id":"https:\/\/www.worktex.be\/fr\/#website"},"datePublished":"2015-03-09T15:34:54+00:00","dateModified":"2022-05-26T22:53:23+00:00","breadcrumb":{"@id":"https:\/\/www.worktex.be\/fr\/offre\/vetements-de-travail\/#breadcrumb"},"inLanguage":"fr-FR","potentialAction":[{"@type":"ReadAction","target":["https:\/\/www.worktex.be\/fr\/offre\/vetements-de-travail\/"]}]},{"@type":"BreadcrumbList","@id":"https:\/\/www.worktex.be\/fr\/offre\/vetements-de-travail\/#breadcrumb","itemListElement":[{"@type":"ListItem","position":1,"name":"Home","item":"https:\/\/www.worktex.be\/fr\/"},{"@type":"ListItem","position":2,"name":"Offre","item":"https:\/\/www.worktex.be\/fr\/offre\/"},{"@type":"ListItem","position":3,"name":"V\u00eatements de travail"}]},{"@type":"WebSite","@id":"https:\/\/www.worktex.be\/fr\/#website","url":"https:\/\/www.worktex.be\/fr\/","name":"WorkTex","description":"Worktex in Hoeilaart biedt werk- en vrijetijdskledij en veiligheidsschoenen aan voor iedereen die het beste wil op gebied van bescherming en functionaliteit op het werk. Bovendien kan elke stuk gepersonaliseerd worden!","publisher":{"@id":"https:\/\/www.worktex.be\/fr\/#organization"},"potentialAction":[{"@type":"SearchAction","target":{"@type":"EntryPoint","urlTemplate":"https:\/\/www.worktex.be\/fr\/?s={search_term_string}"},"query-input":"required name=search_term_string"}],"inLanguage":"fr-FR"},{"@type":"Organization","@id":"https:\/\/www.worktex.be\/fr\/#organization","name":"WorkTex","url":"https:\/\/www.worktex.be\/fr\/","logo":{"@type":"ImageObject","inLanguage":"fr-FR","@id":"https:\/\/www.worktex.be\/fr\/#\/schema\/logo\/image\/","url":"https:\/\/www.worktex.be\/wp-content\/uploads\/2015\/03\/worktex-logo.png","contentUrl":"https:\/\/www.worktex.be\/wp-content\/uploads\/2015\/03\/worktex-logo.png","width":271,"height":103,"caption":"WorkTex"},"image":{"@id":"https:\/\/www.worktex.be\/fr\/#\/schema\/logo\/image\/"}}]}},"_links":{"self":[{"href":"https:\/\/www.worktex.be\/fr\/wp-json\/wp\/v2\/pages\/16942"}],"collection":[{"href":"https:\/\/www.worktex.be\/fr\/wp-json\/wp\/v2\/pages"}],"about":[{"href":"https:\/\/www.worktex.be\/fr\/wp-json\/wp\/v2\/types\/page"}],"author":[{"embeddable":true,"href":"https:\/\/www.worktex.be\/fr\/wp-json\/wp\/v2\/users\/3"}],"replies":[{"embeddable":true,"href":"https:\/\/www.worktex.be\/fr\/wp-json\/wp\/v2\/comments?post=16942"}],"version-history":[{"count":1,"href":"https:\/\/www.worktex.be\/fr\/wp-json\/wp\/v2\/pages\/16942\/revisions"}],"predecessor-version":[{"id":17617,"href":"https:\/\/www.worktex.be\/fr\/wp-json\/wp\/v2\/pages\/16942\/revisions\/17617"}],"up":[{"embeddable":true,"href":"https:\/\/www.worktex.be\/fr\/wp-json\/wp\/v2\/pages\/16986"}],"wp:attachment":[{"href":"https:\/\/www.worktex.be\/fr\/wp-json\/wp\/v2\/media?parent=16942"}],"curies":[{"name":"wp","href":"https:\/\/api.w.org\/{rel}","templated":true}]}}